{"id":111,"date":"2018-10-11T13:29:43","date_gmt":"2018-10-11T13:29:43","guid":{"rendered":"https:\/\/physioreisinger.com\/?page_id=111"},"modified":"2025-12-29T17:29:48","modified_gmt":"2025-12-29T17:29:48","slug":"das-erstgtespraech","status":"publish","type":"page","link":"https:\/\/physioreisinger.com\/index.php\/das-erstgtespraech\/","title":{"rendered":"Das Erstgespr\u00e4ch"},"content":{"rendered":"\n\n\n\t<p><strong>Physiotherapie <\/strong>hei\u00dft<strong> Bewegungstherapie<\/strong>.<\/p>\n<p>Selbstheilungskr\u00e4fte werden \u00fcber Bewegung im individuell m\u00f6glichen Ausma\u00df aktiviert, Gewebestoffwechsel angeregt, Gelenksschmiere dadurch produziert, Schmerzzust\u00e4nde verbessert und die Muskulatur in Balance gebracht.<\/p>\n<p><strong>Folgenden Beschwerden werden bei uns in der Praxis behandelt:<\/strong><\/p>\n<ul>\n<li><em><strong>Wirbels\u00e4ulenbeschwerden<\/strong><\/em>: z.B: Bandscheibenvorfall, &#8222;Ischias&#8220;- Schmerzen, Facettengelenkssyndrom, Physiotherapie nach Wirbels\u00e4ulen OP oder Wirbelk\u00f6rpereinbruch, Skoliose bei Jugendlichen,..<\/li>\n<\/ul>\n<ul>\n<li><em><strong>Gelenksbeschwerden<\/strong><\/em> von zB.: H\u00fcft-\/Knie-\/Sprung-\/Schulter-\/ Ellbogen- \/Hand-\/Daumengelenk,<\/li>\n<\/ul>\n<ul>\n<li><em><strong>Probleme nach \u00dcberlastung<\/strong><\/em> bzw. Verletzung von Muskeln, Sehnen oder B\u00e4ndern: z.B: Achillodynie, \u201eTraktus iliotibialis Syndrom&#8220;, \u201eJumpers Knee&#8220;,&#8230; sogenannte&#8220;Kalkschulter&#8220;, Impingementsyndrom,.. Schleimbeutelentz\u00fcndung, Sehnenscheidenentz\u00fcndung,.. Rotatorenmanschettenverletzungen der Schulter,.. X-band\/Seitenband-Verletzungen im Knie (konservativ und nach OP) ,..<\/li>\n<\/ul>\n<p>B\u00e4nderverletzung des Sprunggelenkes nach\u201eUmknicken&#8220;,.. Achillessehnenverletzung,&#8230;<\/p>\n<ul>\n<li><em><strong>Bewegungstherapie nach Knochenbruch<\/strong><\/em>: konservativ oder operativ behandelt<\/li>\n<li><em><strong>Therapie bei Fu\u00df &#8211; und Fu\u00dfgew\u00f6lbeproblematik<\/strong><\/em>: zB: Knick-\/Senk-\/ Spreiz-\/Plattfu\u00df, \u00a0Hallux Valgus, Hammerzehen,..<\/li>\n<\/ul>\n<ul>\n<li><em><strong>Therapie bei k\u00fcnstlichem Gelenksersatz<\/strong><\/em>: Vorbereitung und Nachbehandlung bei H\u00fcft-\/ Knie- und Schulterendoprothesen, (TEP= total Endoprothesen)<\/li>\n<\/ul>\n<ul>\n<li><em><strong>Beckenbodentherapie, Inkontinenztherapie<\/strong><\/em>:<\/li>\n<\/ul>\n<p>nach Schwangerschaft \u00a0und Geburt, bei allen, die Eigeninteresse an ihrer Beckenbodenfunktion und ihrer aktiven Verschlusskraft haben.<\/p>\n\t<iframe loading=\"lazy\" src=\"https:\/\/player.vimeo.com\/video\/301626206\" width=\"100%\" height=\"360px\" frameborder=\"0\" webkitallowfullscreen mozallowfullscreen allowfullscreen><\/iframe>\n\t<p><em><strong>Ihre Anmeldung<\/strong><\/em> erfolgt telefonisch oder durch die <a href=\"https:\/\/patient.latido.at\/arzt\/_Reisinger,_\">online Terminvereinbarung<\/a>.<\/p>\n<p>Sie ben\u00f6tigen eine Verordnung vom Hausarzt oder Facharzt f\u00fcr:<\/p>\n<p>10 Einheiten Physiotherapie a 45 Min + 10 Einheiten Massage a 15 Minuten.<\/p>\n<p><strong><em>In der<\/em> ersten Einheit<\/strong> wird anhand<\/p>\n<ul>\n<li>der Anamnese (Patient:innengespr\u00e4ch),<\/li>\n<li>der mitgebrachten Befunde (R\u00f6ntgen, MRT, Entlassungsbericht vom Krankenhaus,..),<\/li>\n<li>des physiotherapeutischen Bewegungsbefundes<\/li>\n<\/ul>\n<p>ihr Problem am Bewegungsapparat erfasst, ein Therapieplan erstellt und geeignete Therapiemethoden vorgeschlagen.<\/p>\n<p>Da ein <em><strong>nachhaltiger Erfolg auch die aktive Mitarbeit<\/strong><\/em> der betroffenen Person erfordert, soll die Patientin\/ der Patient dem Therapieplan bewu\u00dft zustimmen.<\/p>\n<p>Die Teamarbeit beginnt !<\/p>\n\t\t\t\t<img decoding=\"async\" src=\"https:\/\/physioreisinger.com\/wp-content\/uploads\/2022\/03\/1BFCFFA6-C3E5-4EB5-9FB6-95D5B6A59501-300x225.jpeg\" alt=\"1BFCFFA6-C3E5-4EB5-9FB6-95D5B6A59501\" itemprop=\"image\" height=\"225\" width=\"300\" title=\"1BFCFFA6-C3E5-4EB5-9FB6-95D5B6A59501\" onerror=\"this.style.display='none'\" loading=\"lazy\" \/>\n\n","protected":false},"excerpt":{"rendered":"<p>Physiotherapie hei\u00dft Bewegungstherapie. Selbstheilungskr\u00e4fte werden \u00fcber Bewegung im individuell m\u00f6glichen Ausma\u00df aktiviert, Gewebestoffwechsel angeregt, Gelenksschmiere dadurch produziert, Schmerzzust\u00e4nde verbessert und die Muskulatur in Balance gebracht. Folgenden Beschwerden werden bei uns in der Praxis behandelt: Wirbels\u00e4ulenbeschwerden: z.B: Bandscheibenvorfall, &#8222;Ischias&#8220;- Schmerzen, Facettengelenkssyndrom, Physiotherapie nach Wirbels\u00e4ulen OP oder Wirbelk\u00f6rpereinbruch, Skoliose bei Jugendlichen,.. Gelenksbeschwerden von zB.: H\u00fcft-\/Knie-\/Sprung-\/Schulter-\/ Ellbogen- \/Hand-\/Daumengelenk,&hellip;<\/p>\n","protected":false},"author":1,"featured_media":31,"parent":0,"menu_order":0,"comment_status":"closed","ping_status":"closed","template":"","meta":{"footnotes":""},"class_list":["post-111","page","type-page","status-publish","has-post-thumbnail","hentry"],"_links":{"self":[{"href":"https:\/\/physioreisinger.com\/index.php\/wp-json\/wp\/v2\/pages\/111","targetHints":{"allow":["GET"]}}],"collection":[{"href":"https:\/\/physioreisinger.com\/index.php\/wp-json\/wp\/v2\/pages"}],"about":[{"href":"https:\/\/physioreisinger.com\/index.php\/wp-json\/wp\/v2\/types\/page"}],"author":[{"embeddable":true,"href":"https:\/\/physioreisinger.com\/index.php\/wp-json\/wp\/v2\/users\/1"}],"replies":[{"embeddable":true,"href":"https:\/\/physioreisinger.com\/index.php\/wp-json\/wp\/v2\/comments?post=111"}],"version-history":[{"count":47,"href":"https:\/\/physioreisinger.com\/index.php\/wp-json\/wp\/v2\/pages\/111\/revisions"}],"predecessor-version":[{"id":1076,"href":"https:\/\/physioreisinger.com\/index.php\/wp-json\/wp\/v2\/pages\/111\/revisions\/1076"}],"wp:featuredmedia":[{"embeddable":true,"href":"https:\/\/physioreisinger.com\/index.php\/wp-json\/wp\/v2\/media\/31"}],"wp:attachment":[{"href":"https:\/\/physioreisinger.com\/index.php\/wp-json\/wp\/v2\/media?parent=111"}],"curies":[{"name":"wp","href":"https:\/\/api.w.org\/{rel}","templated":true}]}}