{"id":132,"date":"2018-10-26T14:53:14","date_gmt":"2018-10-26T14:53:14","guid":{"rendered":"https:\/\/physioreisinger.com\/?page_id=132"},"modified":"2025-02-09T10:38:26","modified_gmt":"2025-02-09T10:38:26","slug":"behandlungen","status":"publish","type":"page","link":"https:\/\/physioreisinger.com\/index.php\/behandlungen\/","title":{"rendered":"Behandlungen"},"content":{"rendered":"\n\n\n\t<p>&nbsp;<\/p>\n<p>&nbsp;<\/p>\n<p>Die Behandlung erfolgt als <strong>Einzeltherapie<\/strong> und dauert <em>60 Minuten<\/em>.<\/p>\n<p>Spezielle <em>Behandlungsmethoden<\/em>, die vom Therapeuten passend ausgew\u00e4hlt werden, unterst\u00fctzen den Erfolg.<\/p>\n<ul>\n<li>Spiraldynamik<\/li>\n<li>Manuelle Lymphdrainage nach Dr. Vodder<\/li>\n<li>Triggerpunkttherapie<\/li>\n<li>Akupunktmassage nach Penzel<\/li>\n<li>Physioenergetik<\/li>\n<li>Tapen<\/li>\n<li>Schr\u00f6pfen<\/li>\n<li>Beckenbodentherapie<\/li>\n<li>Mikron\u00e4hrstoffe als Erg\u00e4nzung<\/li>\n<\/ul>\n<strong><br \/>\nDas Spiraldynamikkonzept<\/strong>:<br \/>\n&#8218;Gebrauchsanweisung&#8216; f\u00fcr den K\u00f6rper erlernen , \n<p>Zum richtig \u00dcben , wird auch ein anatomisches Verst\u00e4ndnis vermittelt.<\/p>\n<p>Training hei\u00dft Wiederholen , Lernen und neues Abspeichern von Bewegungen um sie auch im Alltag bewu\u00dft einzubauen .\u00a0<\/p>\n<strong>Manuelle Lymphdrainage<\/strong> nach Dr. Vodder:<br \/>\nGrifftechnik zum \u00d6demabbau ( = Schwellungsabbau) nach Verletzung, Operation, zur Unterst\u00fctzung der Wundheilung, nach Lymphknotenentfernung bei Tumorgeschehen.\n<p><strong>Triggerpunkttherapie<\/strong>:<\/p>\nIst eine gezielte Behandlungstechnik , die<br \/>\n&#8218;Verklebungen&#8216; in Muskulatur, Faszien und Bindegewebe aufsp\u00fcrt und versucht zu l\u00f6sen .\n<p>Der Muskelstoffwechsel wird dadurch angeregt , Schmerzen sollen reduziert und die Beweglichkeit verbessert werden .\u00a0<\/p>\n<p><a href=\"https:\/\/www.triggerpunkt.at\/karinreisinger\/\">mehr Info hier auf Triggerpunkt.at<\/a>\u00a0<\/p>\n<strong>Tapen:<\/strong><br \/>\nEin elastisches Baumwolle- Tape wird auf die Haut geklebt ohne die Beweglichkeit einzuschr\u00e4nken. Rezeptoren in der Muskulatur werden &#8218;beruhigt&#8216;, Blut- und Lymphzirkulation verbessert.\n<strong>Schr\u00f6pfen<\/strong>:<br \/>\nDas \u201ePneumotron &#8222;- Ger\u00e4t erm\u00f6glicht ein intermittierendes Schwingen des Bindegewebes unter der Schr\u00f6pfglocke (200 x \/ Minute), die Durchblutung und der Lymphtransport im \u00a0behandelten Bereich soll verbessert werden .\n<strong>Akupunktmassage nach Penzel<\/strong>:<br \/>\nDie chinesische Energielehre ist Grundlage der Meridianmassage mit dem Therapiest\u00e4bchen. Harmonisierung zwischen Yin und Yang- Energie soll unterst\u00fctzt werden.\n<strong>Physioenergetik:<br \/>\n<\/strong>Das kinesiologische Konzept, beruhend auf dem Arml\u00e4ngenreflextest (AR) nach Van Assche, ist ein ganzheitliches Testverfahren f\u00fcr Diagnose und Therapie.\n<p>\u00c4hnlich wie Biofeedback<em> ohne<\/em> Ger\u00e4t &#8211; sondern mit dem AR &#8211; k\u00f6nnen verdeckte Ursachen f\u00fcr St\u00f6rungen aufgefunden und die effektivste Therapieform ermittelt werden.<\/p>\n<strong>Beckenbodentherapie (mein pers\u00f6nliches Spezialgebiet):<br \/>\n<\/strong>Konkrete anatomische Funktionsweisen werden vermittelt und die Wahrnehmung in der Tiefe des K\u00f6rpers geschult. Gezielte Kr\u00e4ftigung des muskul\u00e4ren Fundamentes hilft Frauen, die geboren haben, Menschen die ihre Kontinenz sichern wollen und M\u00e4nnern nach Prostata OP .\u00a0\n<p><strong>BIOGENA Mikron\u00e4hrstoffcoach \u00a0<\/strong><\/p>\n<p>Mit dieser Ausbildung konnte ich die Bedeutung von Mikron\u00e4hrstoffen im K\u00f6rper besser verstehen lernen.<\/p>\n<p>Mikron\u00e4hrstoffe k\u00f6nnen die\u00a0 physiotherapeutischen Behandlung sinnvoll erg\u00e4nzen .<\/p>\n<p>Hier mehr Info: www.biogena.com<\/p>\n\t\t\t\t<img loading=\"lazy\" decoding=\"async\" src=\"https:\/\/physioreisinger.com\/wp-content\/uploads\/2018\/10\/massage.jpg\" alt=\"massage\" itemprop=\"image\" height=\"427\" width=\"640\" title=\"massage\" onerror=\"this.style.display='none'\"  \/>\n\t<meta itemprop=\"url\" content=\"https:\/\/physioreisinger.com\/wp-content\/uploads\/2018\/10\/snips_12sec.mp4\" \/><div style=\"width: 640px;\" class=\"wp-video\"><video class=\"wp-video-shortcode\" id=\"video-132-1\" width=\"640\" height=\"360\" poster=\"https:\/\/physioreisinger.com\/wp-content\/uploads\/2018\/09\/vlcsnap-2018-09-19-16h23m46s124-1024x576.png\" preload=\"none\" controls=\"controls\"><source type=\"video\/mp4\" src=\"https:\/\/physioreisinger.com\/wp-content\/uploads\/2018\/10\/snips_12sec.mp4?_=1\" \/><a href=\"https:\/\/physioreisinger.com\/wp-content\/uploads\/2018\/10\/snips_12sec.mp4\">https:\/\/physioreisinger.com\/wp-content\/uploads\/2018\/10\/snips_12sec.mp4<\/a><\/video><\/div>\n\t\t\t\t<img loading=\"lazy\" decoding=\"async\" src=\"https:\/\/physioreisinger.com\/wp-content\/uploads\/2022\/03\/C1496844-B3EC-4F57-A6FE-753D5C9321FD-1024x768.jpeg\" alt=\"C1496844-B3EC-4F57-A6FE-753D5C9321FD\" itemprop=\"image\" height=\"768\" width=\"1024\" title=\"C1496844-B3EC-4F57-A6FE-753D5C9321FD\" onerror=\"this.style.display='none'\"  \/>\n\n","protected":false},"excerpt":{"rendered":"<p>&nbsp; &nbsp; Die Behandlung erfolgt als Einzeltherapie und dauert 60 Minuten. Spezielle Behandlungsmethoden, die vom Therapeuten passend ausgew\u00e4hlt werden, unterst\u00fctzen den Erfolg. Spiraldynamik Manuelle Lymphdrainage nach Dr. Vodder Triggerpunkttherapie Akupunktmassage nach Penzel Physioenergetik Tapen Schr\u00f6pfen Beckenbodentherapie Mikron\u00e4hrstoffe als Erg\u00e4nzung Das Spiraldynamikkonzept: &#8218;Gebrauchsanweisung&#8216; f\u00fcr den K\u00f6rper erlernen , Zum richtig \u00dcben , wird auch ein anatomisches&hellip;<\/p>\n","protected":false},"author":3,"featured_media":31,"parent":0,"menu_order":0,"comment_status":"closed","ping_status":"closed","template":"","meta":{"footnotes":""},"class_list":["post-132","page","type-page","status-publish","has-post-thumbnail","hentry"],"_links":{"self":[{"href":"https:\/\/physioreisinger.com\/index.php\/wp-json\/wp\/v2\/pages\/132","targetHints":{"allow":["GET"]}}],"collection":[{"href":"https:\/\/physioreisinger.com\/index.php\/wp-json\/wp\/v2\/pages"}],"about":[{"href":"https:\/\/physioreisinger.com\/index.php\/wp-json\/wp\/v2\/types\/page"}],"author":[{"embeddable":true,"href":"https:\/\/physioreisinger.com\/index.php\/wp-json\/wp\/v2\/users\/3"}],"replies":[{"embeddable":true,"href":"https:\/\/physioreisinger.com\/index.php\/wp-json\/wp\/v2\/comments?post=132"}],"version-history":[{"count":21,"href":"https:\/\/physioreisinger.com\/index.php\/wp-json\/wp\/v2\/pages\/132\/revisions"}],"predecessor-version":[{"id":1069,"href":"https:\/\/physioreisinger.com\/index.php\/wp-json\/wp\/v2\/pages\/132\/revisions\/1069"}],"wp:featuredmedia":[{"embeddable":true,"href":"https:\/\/physioreisinger.com\/index.php\/wp-json\/wp\/v2\/media\/31"}],"wp:attachment":[{"href":"https:\/\/physioreisinger.com\/index.php\/wp-json\/wp\/v2\/media?parent=132"}],"curies":[{"name":"wp","href":"https:\/\/api.w.org\/{rel}","templated":true}]}}