{"id":209,"date":"2018-11-16T11:48:10","date_gmt":"2018-11-16T11:48:10","guid":{"rendered":"https:\/\/physioreisinger.com\/?page_id=209"},"modified":"2019-06-18T17:51:02","modified_gmt":"2019-06-18T17:51:02","slug":"impressum","status":"publish","type":"page","link":"https:\/\/physioreisinger.com\/index.php\/impressum\/","title":{"rendered":"Impressum"},"content":{"rendered":"<h1><\/h1>\n<h1>.Impressum<\/h1>\n<p>Informationspflicht laut \u00a75 E-Commerce Gesetz, \u00a714 Unternehmensgesetzbuch, \u00a763 Gewerbeordnung und Offenlegungspflicht laut \u00a725 Mediengesetz.<\/p>\n<p>Physioreisinger<br \/>\nKarin Reisinger<br \/>\nMitschastra\u00dfe 7,<br \/>\n2130 Mistelbach,<br \/>\n\u00d6sterreich<\/p>\n<p><strong>Unternehmensgegenstand:<\/strong> Gesundheitsberuf<\/p>\n<p><strong>Tel.:<\/strong> 06644046222<br \/>\n<strong>E-Mail:<\/strong> <a href=\"mailto:physioreisinger@aon.at\">physio.reisinger@aon.at<\/a><\/p>\n<p><strong>Mitglied bei:<\/strong>\u00a0Physioaustria- Berufsverband der dipl. Physiotherapeuten \u00d6sterreichs,Wirtschaftskammer \u00d6sterreich<br \/>\n<strong>Berufsrecht:<\/strong> Gewerbeordnung: www.ris.bka.gv.at<\/p>\n<p><strong>Aufsichtsbeh\u00f6rde\/Gewerbebeh\u00f6rde:<\/strong> Bezirkshauptmannschaft Mistelbach<br \/>\n<strong>Berufsbezeichnung:<\/strong> Physiotherapeutin<br \/>\n<strong>Verleihungsstaat:<\/strong> \u00d6sterreich<\/p>\n<p>Quelle: Erstellt\u00a0mit dem <a title=\"Impressum Generator von firmenwebseiten.at\" href=\"https:\/\/www.firmenwebseiten.at\/impressum-generator\/\" target=\"_blank\" rel=\"follow noopener\">Impressum Generator von firmenwebseiten.at<\/a>\u00a0in Kooperation mit <a title=\"Ihre Pressemitteilungen auf 240 Presseportale\" href=\"https:\/\/www.pressefeuer.at\/\" target=\"_blank\" rel=\"follow noopener\">Pressefeuer<\/a><\/p>\n<h2>EU-Streitschlichtung<\/h2>\n<p>Gem\u00e4\u00df Verordnung \u00fcber Online-Streitbeilegung in Verbraucherangelegenheiten (ODR-Verordnung) m\u00f6chten wir Sie \u00fcber die Online-Streitbeilegungsplattform (OS-Plattform) informieren.<br \/>\nVerbraucher haben die M\u00f6glichkeit, Beschwerden an die Online Streitbeilegungsplattform der Europ\u00e4ischen Kommission unter <a href=\"https:\/\/ec.europa.eu\/consumers\/odr\/main\/index.cfm?event=main.home2.show&amp;lng=DE\" target=\"_blank\" rel=\"nofollow noopener\">http:\/\/ec.europa.eu\/odr?tid=221079120<\/a> zu richten. Die daf\u00fcr notwendigen Kontaktdaten finden Sie oberhalb in unserem Impressum.<\/p>\n<p>Wir m\u00f6chten Sie jedoch darauf hinweisen, dass wir nicht bereit oder verpflichtet sind, an Streitbeilegungsverfahren vor einer Verbraucherschlichtungsstelle teilzunehmen.<\/p>\n<h2>Haftung f\u00fcr Inhalte dieser Webseite<\/h2>\n<p>Wir entwickeln die Inhalte dieser Webseite st\u00e4ndig weiter und bem\u00fchen uns korrekte und aktuelle Informationen bereitzustellen. Leider k\u00f6nnen wir keine Haftung f\u00fcr die Korrektheit aller Inhalte auf dieser Webseite \u00fcbernehmen, speziell f\u00fcr jene die seitens Dritter bereitgestellt wurden.<\/p>\n<p>Sollten Ihnen problematische oder rechtswidrige Inhalte auffallen, bitte wir Sie uns umgehend zu kontaktieren, Sie finden die Kontaktdaten im Impressum.<\/p>\n<h2>Haftung f\u00fcr Links auf dieser Webseite<\/h2>\n<p>Unsere Webseite enth\u00e4lt Links zu anderen Webseiten f\u00fcr deren Inhalt wir nicht verantwortlich sind. Haftung f\u00fcr verlinkte Websites besteht laut <a href=\"https:\/\/www.ris.bka.gv.at\/Dokument.wxe?Abfrage=Bundesnormen&amp;Dokumentnummer=NOR40025813&amp;tid=221079120\" target=\"_blank\" rel=\"noopener nofollow\">\u00a7 17 ECG<\/a> f\u00fcr uns nicht, da wir keine Kenntnis rechtswidriger T\u00e4tigkeiten hatten und haben, uns solche Rechtswidrigkeiten auch bisher nicht aufgefallen sind und wir Links sofort entfernen w\u00fcrden, wenn uns Rechtswidrigkeiten bekannt werden.<\/p>\n<p>Wenn Ihnen rechtswidrige Links auf unserer Website auffallen, bitte wir Sie uns zu kontaktieren, Sie finden die Kontaktdaten im Impressum.<\/p>\n<h2>Urheberrechtshinweis<\/h2>\n<p>Alle Inhalte dieser Webseite (Bilder, Fotos, Texte, Videos) unterliegen dem Urheberrecht. Falls notwendig, werden wir die unerlaubte Nutzung von Teilen der Inhalte unserer Seite rechtlich verfolgen.<\/p>\n<h2>Bildernachweis<\/h2>\n<p>Die Bilder, Fotos und Grafiken auf dieser Webseite sind urheberrechtlich gesch\u00fctzt.<\/p>\n<p>Die Bilderrechte liegen bei den folgenden Fotografen und Unternehmen:<\/p>\n<ul>\n<li>Foreverliving (The AloeVera Company)<\/li>\n<li>Adobe Stock Fotos<\/li>\n<\/ul>\n<p>&nbsp;<\/p>\n<h1>Datenschutzerkl\u00e4rung<\/h1>\n<h2>Datenschutz<\/h2>\n<p>Wir haben diese Datenschutzerkl\u00e4rung (Fassung 16.11.2018-221079120) verfasst, um Ihnen gem\u00e4\u00df der Vorgaben der Datenschutz-Grundverordnung (EU) 2016\/679 und dem <a href=\"https:\/\/www.ris.bka.gv.at\/GeltendeFassung.wxe?Abfrage=Bundesnormen&amp;Gesetzesnummer=10001597&amp;tid=221079120\" target=\"_blank\" rel=\"noopener nofollow\">Datenschutzgesetz (DSG)<\/a> zu erkl\u00e4ren, welche Informationen wir sammeln, wie wir Daten verwenden und welche Entscheidungsm\u00f6glichkeiten Sie als Besucher dieser Webseite haben.<\/p>\n<p>Leider liegt es in der Natur der Sache, dass diese Erkl\u00e4rungen sehr technisch klingen, wir haben uns bei der Erstellung jedoch bem\u00fcht die wichtigsten Dinge so einfach und klar wie m\u00f6glich zu beschreiben.<\/p>\n<h2>Automatische Datenspeicherung<\/h2>\n<p>Wenn Sie heutzutage Webseiten besuchen, werden gewisse Informationen automatisch erstellt und gespeichert, so auch auf dieser Webseite.<\/p>\n<p>Wenn Sie unsere Webseite so wie jetzt gerade besuchen, speichert unser Webserver (Computer auf dem diese Webseite gespeichert ist) automatisch Daten wie<\/p>\n<ul>\n<li>die Adresse (URL) der aufgerufenen Webseite<\/li>\n<li>Browser und Browserversion<\/li>\n<li>das verwendete Betriebssystem<\/li>\n<li>die Adresse (URL) der zuvor besuchten Seite (Referrer URL)<\/li>\n<li>den Hostname und die IP-Adresse des Ger\u00e4ts von welchem aus zugegriffen wird<\/li>\n<li>Datum und Uhrzeit<\/li>\n<\/ul>\n<p>in Dateien (Webserver-Logfiles).<\/p>\n<p>In der Regel werden Webserver-Logfiles zwei Wochen gespeichert und danach automatisch gel\u00f6scht. Wir geben diese Daten nicht weiter, k\u00f6nnen jedoch nicht ausschlie\u00dfen, dass diese Daten beim Vorliegen von rechtswidrigem Verhalten eingesehen werden.<br \/>\nDie Rechtsgrundlage besteht nach <a href=\"https:\/\/eur-lex.europa.eu\/legal-content\/DE\/TXT\/HTML\/?uri=CELEX:32016R0679&amp;from=DE&amp;tid=221079120\" target=\"_blank\" rel=\"noopener nofollow\">Artikel 6\u00a0 Absatz 1 f DSGVO<\/a> (Rechtm\u00e4\u00dfigkeit der Verarbeitung) darin, dass berechtigtes Interesse daran besteht, den fehlerfreien Betrieb dieser Webseite durch das Erfassen von Webserver-Logfiles zu erm\u00f6glichen.<\/p>\n<h2>Rechte laut Datenschutzgrundverordnung<\/h2>\n<p>Ihnen stehen laut den Bestimmungen der DSGVO und des \u00f6sterreichischen <a href=\"https:\/\/www.ris.bka.gv.at\/GeltendeFassung.wxe?Abfrage=Bundesnormen&amp;Gesetzesnummer=10001597&amp;tid=221079120\" target=\"_blank\" rel=\"noopener nofollow\">Datenschutzgesetzes (DSG)<\/a> grunds\u00e4tzlich die folgende Rechte zu:<\/p>\n<ul>\n<li>Recht auf Berichtung (Artikel 16 DSGVO)<\/li>\n<li>Recht auf L\u00f6schung (\u201eRecht auf Vergessenwerden\u201c) (Artikel 17 DSGVO)<\/li>\n<li>Recht auf Einschr\u00e4nkung der Verarbeitung (Artikel 18 DSGVO)<\/li>\n<li>Recht auf Benachrichtigung \u2013 Mitteilungspflicht im Zusammenhang mit der Berichtigung oder L\u00f6schung personenbezogener Daten oder der Einschr\u00e4nkung der Verarbeitung (Artikel 19 DSGVO)<\/li>\n<li>Recht auf Daten\u00fcbertragbarkeit (Artikel 20 DSGVO)<\/li>\n<li>Widerspruchsrecht (Artikel 21 DSGVO)<\/li>\n<li>Recht, nicht einer ausschlie\u00dflich auf einer automatisierten Verarbeitung \u2014 einschlie\u00dflich Profiling \u2014 beruhenden Entscheidung unterworfen zu werden (Artikel 22 DSGVO)<\/li>\n<\/ul>\n<p>Wenn Sie glauben, dass die Verarbeitung Ihrer Daten gegen das Datenschutzrecht verst\u00f6\u00dft oder Ihre datenschutzrechtlichen Anspr\u00fcche sonst in einer Weise verletzt worden sind, k\u00f6nnen Sie sich bei der Aufsichtsbeh\u00f6rde beschweren, welche in \u00d6sterreich die Datenschutzbeh\u00f6rde ist, deren Webseite Sie unter <a href=\"https:\/\/www.dsb.gv.at\/?tid=221079120\" rel=\"nofollow\">https:\/\/www.dsb.gv.at\/<\/a> finden.<\/p>\n<h2>TLS-Verschl\u00fcsselung mit https<\/h2>\n<p>Wir verwenden https um Daten abh\u00f6rsicher im Internet zu \u00fcbertragen (Datenschutz durch Technikgestaltung <a href=\"https:\/\/eur-lex.europa.eu\/legal-content\/DE\/TXT\/HTML\/?uri=CELEX:32016R0679&amp;from=DE&amp;tid=221079120\" target=\"_blank\" rel=\"noopener nofollow\">Artikel 25 Absatz 1 DSGVO<\/a>). Durch den Einsatz von TLS (Transport Layer Security), einem Verschl\u00fcsselungsprotokoll zur sicheren Daten\u00fcbertragung im Internet k\u00f6nnen wir den Schutz vertraulicher Daten sicherstellen. Sie erkennen die Benutzung dieser Absicherung der Daten\u00fcbertragung am kleinen Schlo\u00dfsymbol links oben im Browser und der Verwendung des Schemas https (anstatt http) als Teil unserer Internetadresse.<\/p>\n<h2>Cookies<\/h2>\n<p>Unsere Website verwendet HTTP-Cookies um nutzerspezifische Daten zu speichern.<br \/>\nEin Cookie ist ein kurzes Datenpaket, welches zwischen Webbrowser und Webserver ausgetauscht wird, f\u00fcr diese aber v\u00f6llig bedeutungslos ist und erst f\u00fcr die Webanwendung, z. B. einen Online-Shop, eine Bedeutung erh\u00e4lt, etwa den Inhalt eines virtuellen Warenkorbes.<\/p>\n<p>Es gibt zwei Arten von Cookies: Erstanbieter-Cookies werden von unserer Website erstellt, Drittanbieter-Cookies werden von anderen Websites (z. B. Google Analytics) erstellt.<br \/>\nBeispielhafte Cookiedaten:<\/p>\n<ul>\n<li>Name: _ga<\/li>\n<li>Ablaufzeit: 2 Jahre<\/li>\n<li>Verwendung: Unterscheidung der Webseitenbesucher<\/li>\n<li>Beispielhafter Wert:\u00a0GA1.2.1326744211.152221079120<\/li>\n<\/ul>\n<p>Man unterscheidet drei Kategorien von Cookies: unbedingt notwendige Cookies um grundlegende Funktionen der Website sicherzustellen, funktionelle Cookies um die Leistung der Webseite sicherzustellen und zielorientierte Cookies um das Benutzererlebnis zu verbessern.<\/p>\n<p>Wir nutzen Cookies, um unsere Webseite nutzerfreundlicher zu gestalten. Einige Cookies bleiben auf Ihrem Endger\u00e4t gespeichert, bis Sie diese l\u00f6schen. Sie erm\u00f6glichen es uns, Ihren Browser beim n\u00e4chsten Besuch wiederzuerkennen.<\/p>\n<h3>Cookie Einstellungen sehen und Cookies l\u00f6schen<\/h3>\n<p>Wenn Sie feststellen m\u00f6chten, welche Cookies in Ihrem Browser gespeichert wurden, Cookie-Einstellungen \u00e4ndern oder Cookies l\u00f6schen m\u00f6chten, k\u00f6nnen Sie dies in Ihren Browser-Einstellungen finden:<\/p>\n<ul>\n<li><a href=\"https:\/\/support.apple.com\/kb\/ph21411?locale=de_AT\" target=\"_blank\" rel=\"noopener nofollow\">Safari: Verwalten von Cookies und Websitedaten mit Safari<\/a><\/li>\n<li><a href=\"https:\/\/support.mozilla.org\/de\/kb\/cookies-loeschen-daten-von-websites-entfernen\" target=\"_blank\" rel=\"noopener nofollow\">Firefox: Cookies l\u00f6schen, um Daten zu entfernen, die Websites auf Ihrem Computer abgelegt haben<\/a><\/li>\n<li><a href=\"https:\/\/support.google.com\/chrome\/answer\/95647?co=GENIE.Platform%3DDesktop&amp;hl=de\" target=\"_blank\" rel=\"noopener nofollow\">Chrome: Cookies in Chrome l\u00f6schen, aktivieren und verwalten<\/a><\/li>\n<li><a href=\"https:\/\/support.microsoft.com\/de-at\/help\/17442\/windows-internet-explorer-delete-manage-cookies\" target=\"_blank\" rel=\"noopener nofollow\">Internet Explorer: L\u00f6schen und Verwalten von Cookies<\/a><\/li>\n<\/ul>\n<p>Wenn Sie die Speicherung von Daten in Cookies nicht w\u00fcnschen, so k\u00f6nnen Sie Ihren Browser so einrichten, dass er Sie \u00fcber das Setzen von Cookies informiert und Sie dies nur im Einzelfall erlauben.\u00a0Sie k\u00f6nnen jederzeit Cookies, die sich bereits auf Ihrem Computer befinden, l\u00f6schen oder Cookies deaktivieren. Die Vorgangsweise dazu ist nach Browser unterschiedlich, am besten Sie suchen die Anleitung in Google mit dem Suchbegriff \u201cCookies l\u00f6schen Chrome\u201d oder \u201eCookies deaktivieren Chrome\u201c im Falle eines Chrome Browsers oder tauschen das Wort \u201eChrome\u201c gegen den Namen Ihres Browsers, z. B. Edge, Firefox, Safari aus.<br \/>\nWenn Sie uns generell nicht gestatten, Cookies zu nutzen, d.h. diese per Browsereinstellung deaktivieren, k\u00f6nnen manche Funktionen und Seiten nicht wie erwartet funktionieren.<\/p>\n<h2>Google Fonts Datenschutzerkl\u00e4rung<\/h2>\n<p>Wir verwenden Google Fonts der Firma Google Inc. (1600 Amphitheatre Parkway Mountain View, CA 94043, USA) auf unserer Webseite. Die Verwendung von Google Fonts erfolgt ohne Authentisierung und es werden keine Cookies and die Google Fonts API gesendet. Sollten Sie ein Konto bei Google haben, werden keine Ihrer Google-Kontodaten an Google w\u00e4hrend der Nutzung von Google Fonts \u00fcbermittelt. Google erfasst lediglich die Nutzung von CSS und der verwendeten Fonts und speichert diese Daten sicher. Mehr zu diesen und weiteren Fragen finden Sie auf <a href=\"https:\/\/developers.google.com\/fonts\/faq\" rel=\"nofollow\">https:\/\/developers.google.com\/fonts\/faq?tid=221079120<\/a>.<\/p>\n<p>Welche Daten von Google erfasst werden und wof\u00fcr diese Daten verwendet werden, k\u00f6nnen Sie auf <a href=\"https:\/\/www.google.com\/intl\/de\/policies\/privacy\/\" rel=\"nofollow\">https:\/\/www.google.com\/intl\/de\/policies\/privacy\/<\/a> nachlesen.<\/p>\n<h2>YouTube Datenschutzerkl\u00e4rung<\/h2>\n<p>Wir verwenden auf dieser Seite des Videodienstes YouTube, der Firma YouTube, LLC, 901 Cherry Ave., San Bruno, CA 94066, USA.<\/p>\n<p>Durch das Aufrufen von Seiten unserer Webseite, die YouTube Videos integriert haben, werden Daten an YouTube \u00fcbertragen, gespeichert und ausgewertet.<br \/>\nSollten Sie ein YouTube-Konto haben und angemeldet sein, werden diese Daten Ihrem pers\u00f6nlichen Konto und den darin gespeicherten Daten zugeordnet.<\/p>\n<p>Welche Daten von Google erfasst werden und wof\u00fcr diese Daten verwendet werden, k\u00f6nnen Sie auf <a href=\"https:\/\/www.google.com\/intl\/de\/policies\/privacy\/\" rel=\"nofollow\">https:\/\/www.google.com\/intl\/de\/policies\/privacy\/<\/a> nachlesen.<\/p>\n<p>Quelle: Erstellt\u00a0mit dem\u00a0<a title=\"Datenschutz Generator von firmenwebseiten.at\" href=\"https:\/\/www.firmenwebseiten.at\/datenschutz-generator\/\" target=\"_blank\" rel=\"follow noopener\">Datenschutz Generator von firmenwebseiten.at<\/a>\u00a0in Kooperation mit <a title=\"\" href=\"https:\/\/www.hyperkontext.at\/\" target=\"_blank\" rel=\"follow noopener\">hyperkontext.at<\/a><\/p>\n<h2>Webseite Gestaltung und Programmierung<\/h2>\n<p><a href=\"http:\/\/www.danubeweb.at\" target=\"_blank\" rel=\"noopener\">DanubeWeb OG<\/a><\/p>\n<h2>Videomaterial, Regie,Schnitt,Ton:<\/h2>\n<p>Lina Reisinger<\/p>\n<p><strong>Logodesign : <\/strong><\/p>\n<p>Astrid Rabenreither<\/p>\n","protected":false},"excerpt":{"rendered":"<p>.Impressum Informationspflicht laut \u00a75 E-Commerce Gesetz, \u00a714 Unternehmensgesetzbuch, \u00a763 Gewerbeordnung und Offenlegungspflicht laut \u00a725 Mediengesetz. Physioreisinger Karin Reisinger Mitschastra\u00dfe 7, 2130 Mistelbach, \u00d6sterreich Unternehmensgegenstand: Gesundheitsberuf Tel.: 06644046222 E-Mail: physio.reisinger@aon.at Mitglied bei:\u00a0Physioaustria- Berufsverband der dipl. Physiotherapeuten \u00d6sterreichs,Wirtschaftskammer \u00d6sterreich Berufsrecht: Gewerbeordnung: www.ris.bka.gv.at Aufsichtsbeh\u00f6rde\/Gewerbebeh\u00f6rde: Bezirkshauptmannschaft Mistelbach Berufsbezeichnung: Physiotherapeutin Verleihungsstaat: \u00d6sterreich Quelle: Erstellt\u00a0mit dem Impressum Generator von firmenwebseiten.at\u00a0in Kooperation&hellip;<\/p>\n","protected":false},"author":3,"featured_media":0,"parent":0,"menu_order":0,"comment_status":"closed","ping_status":"closed","template":"","meta":{"footnotes":""},"class_list":["post-209","page","type-page","status-publish","hentry"],"_links":{"self":[{"href":"https:\/\/physioreisinger.com\/index.php\/wp-json\/wp\/v2\/pages\/209","targetHints":{"allow":["GET"]}}],"collection":[{"href":"https:\/\/physioreisinger.com\/index.php\/wp-json\/wp\/v2\/pages"}],"about":[{"href":"https:\/\/physioreisinger.com\/index.php\/wp-json\/wp\/v2\/types\/page"}],"author":[{"embeddable":true,"href":"https:\/\/physioreisinger.com\/index.php\/wp-json\/wp\/v2\/users\/3"}],"replies":[{"embeddable":true,"href":"https:\/\/physioreisinger.com\/index.php\/wp-json\/wp\/v2\/comments?post=209"}],"version-history":[{"count":9,"href":"https:\/\/physioreisinger.com\/index.php\/wp-json\/wp\/v2\/pages\/209\/revisions"}],"predecessor-version":[{"id":828,"href":"https:\/\/physioreisinger.com\/index.php\/wp-json\/wp\/v2\/pages\/209\/revisions\/828"}],"wp:attachment":[{"href":"https:\/\/physioreisinger.com\/index.php\/wp-json\/wp\/v2\/media?parent=209"}],"curies":[{"name":"wp","href":"https:\/\/api.w.org\/{rel}","templated":true}]}}