{"id":58,"date":"2018-09-26T10:01:03","date_gmt":"2018-09-26T10:01:03","guid":{"rendered":"https:\/\/physioreisinger.com\/?page_id=58"},"modified":"2026-01-05T23:06:43","modified_gmt":"2026-01-05T23:06:43","slug":"home","status":"publish","type":"page","link":"https:\/\/physioreisinger.com\/","title":{"rendered":"Home"},"content":{"rendered":"\n\n\t<h2><img loading=\"lazy\" decoding=\"async\" src=\"https:\/\/physioreisinger.com\/wp-content\/uploads\/2019\/07\/PHYSIOReisinger_Logo_RZ-300x300.png\" alt=\"\" width=\"300\" height=\"300\" \/><\/h2>\n\n<h3>\u00a0Gemeinschaftspraxis\u00a0Karin Reisinger,<\/h3>\n<h3>2130 Mistelbach, Mitschastra\u00dfe 7, 0664 4046222<br \/>\n<strong>E-Mail: physioreisinger@gmail.com\u00a0<\/strong><\/h3>\n\n\t\t\t<a href=\"#kennenlernen\" target=\"_self\">\n\t\t\t\t\t\tWillkommen\n\t\t\t\t\t<\/a>\n\t\t\t\t<img decoding=\"async\" src=\"https:\/\/fullscreen.demos.wpbeaverbuilder.com\/wp-content\/uploads\/sites\/16\/2015\/11\/ff-top-arrow.png\" alt=\"ff-top-arrow\" itemprop=\"image\" height=\"134\" width=\"57\" title=\"ff-top-arrow\" onerror=\"this.style.display='none'\" loading=\"lazy\" \/>\n\t<p>\u00a0DAS ERSTGESPR\u00c4CH<\/p>\n<p>Bringen Sie Folgendes mit :<\/p>\n<ul>\n<li>eine \u00e4rztliche Verordnung,<\/li>\n<\/ul>\n<p>\u00a0 \u00a0 \u00a0 \u00a0( Bewilligungsplicht f\u00fcr SVS Versicherte!)<\/p>\n<ul>\n<li>aktuelle Befunde zB: R\u00f6ntgen, MRT Befund, Entlassungsbericht vom Spital,..<\/li>\n<\/ul>\n<ul>\n<li>bequeme Kleidung<\/li>\n<li>Leintuch oder gro\u00dfes Handtuch als Unterlage<\/li>\n<\/ul>\n<p>&nbsp;<\/p>\n<p><a href=\"index.php\/das-erstgtespraech\/\">Mehr erfahren&#8230;<\/a><\/p>\n<p>&nbsp;<\/p>\n<p>Anhand ihrer Beschwerden und Befunde<\/p>\n<p>wird eine physiotherapeutische <strong>Bewegungsanalyse<\/strong> erhoben,<\/p>\n<p>geeignete <strong>therapeutischen Ma\u00dfnahmen<\/strong> ermittelt <\/p>\n<p>und ein <strong>Therapieplan<\/strong> erstellt.<\/p>\n<p>&nbsp;<\/p>\n<p>&nbsp;<\/p>\n<p>&nbsp;<\/p>\n\t\t\t<a href=\"#behandlung\" target=\"_self\">\n\t\t\t\t\t\t\t<\/a>\n\t\t\t\t<img decoding=\"async\" src=\"https:\/\/fullscreen.demos.wpbeaverbuilder.com\/wp-content\/uploads\/sites\/16\/2015\/11\/ff-bottom-arrow.png\" alt=\"ff-bottom-arrow\" itemprop=\"image\" height=\"134\" width=\"57\" title=\"ff-bottom-arrow\" onerror=\"this.style.display='none'\" loading=\"lazy\" \/>\n\t<h2>DIE BEHANDLUNG<\/h2>\n<p>Die <strong>eigene K\u00f6rperwahrnehmung<\/strong> soll durch <strong>&#8222;Bewegungslernen&#8220;<\/strong>\u00a0geschult werden.<\/p>\n<p>Das &#8222;Beste&#8220; aus vielen fachlichen Fortbildungen <\/p>\n<p>und die jahrelange Erfahrung mit der Arbeit am Gewebe<\/p>\n<p> dient mir dazu, auf unterschiedliche Symptome sehr individuell eingehen zu k\u00f6nnen.<\/p>\n<p>Beweglichkeit soll verbessert, Heilung unterst\u00fctzt und Funktionen bestm\u00f6glich wieder erlangt werden.<\/p>\n<p>Durch <strong>aktive Mithilfe und \u00dcben<\/strong> soll Bewegung wieder Spa\u00df machen.<\/p>\n<p>&nbsp;<\/p>\n<p>&nbsp;<\/p>\n<p>&nbsp;<\/p>\n<p>Therapeutische Konzepte:<\/p>\n<p>&nbsp;<\/p>\n<p>Spiraldynamik<\/p>\n<p>Triggerpunkttherapie<\/p>\n<p>Manuelle Lymphdrainage<\/p>\n<p>Akupunktmassage nach Penzel<\/p>\n<p>Tapen<\/p>\n<p>Mikron\u00e4hrstoffcoach BIOGENA<\/p>\n<p>Beckenbodentherapie<\/p>\n<p>Physioenergetik<\/p>\n<p>VRT: vestibul\u00e4re Rehabilitation \/ Therapie bei Schwindel<\/p>\n<p><a href=\"index.php\/behandlungen\/\">Mehr erfahren&#8230;<\/a><\/p>\n<p>&nbsp;<\/p>\n<p>&nbsp;<\/p>\n<p>&nbsp;<\/p>\n<p>&nbsp;<\/p>\n<p>&nbsp;<\/p>\n\t\t\t<a href=\"#uebungen\" target=\"_self\">\n\t\t\t\t\t\t\t<\/a>\n\t<h2>DIE HAUS\u00dcBUNG<\/h2>\n<p>Der <strong>Alltag<\/strong> bietet genug M\u00f6glichkeit um das Erlernte umzusetzen.<\/p>\n<p>Die t\u00e4glich erforderlichen Bewegungen wie z.B.: heben, tragen, b\u00fccken, aufrichten, aufstehen, niedersetzen, Stiegen steigen, laufen&#8230;.sind dazu geeignet genauer betrachtet zu werden.<\/p>\nWem das zu wenig ist, wird unter den Aspekten der medizinischen <strong>Trainingstherapie<\/strong> begleitet.<br \/>\nDas eigene <strong>Trainingsprogramm<\/strong> wird angepasst und optimiert, sodass der Heilungsprozess gut stattfinden kann und ein <strong>&#8222;return to sports&#8220;<\/strong> m\u00f6glich wird.\n<p>&nbsp;<\/p>\n<p><a href=\"index.php\/uebungen\/\">Mehr erfahren&#8230;<\/a><\/p>\n\t\t\t<a href=\"#physioplus\" target=\"_self\">\n\t\t\t\t\t\t\t<\/a>\n\t\t\t<a href=\"#aktuelles\" target=\"_self\">\n\t\t\t\t\t\t\t<\/a>\n<h3>\n\t\t\tAktuelles\t<\/h3>\n\t\t\t<a href=\"#zusatzinfos\" target=\"_self\">\n\t\t\t\t\t\t\t<\/a>\n\t<ul>\n<li>Zus\u00e4tzliche Infos:\u00a0<\/li>\n<li><a href=\"https:\/\/490000546923.fbo.foreverliving.com\/aut\/de-at\/home\" target=\"_blank\" rel=\"noopener\">Mein Forever Online Shop<\/a><\/li>\n<li><a href=\"https:\/\/forever-yours.eu\/at\/fbo-profile\/?fboId=physioreisinger\" target=\"_blank\" rel=\"noopener\">Forever Onlinemagazin<\/a><\/li>\n<li>Biogena Mikron\u00e4hrstoff-Pr\u00e4parate<br \/>\nwww.biogena.com <\/li>\n<li>verwende gerne den <strong>Gutscheincode <\/strong><strong>AD0648638<\/strong> zum Kennenlernen der Biogenaprodukte Mikron\u00e4hrstoffpr\u00e4parate auf h\u00f6chstem Niveau, produziert in \u00d6\u00a0\u00a0<\/li>\n<\/ul>\n<p>&nbsp;<\/p>\n<p>&nbsp;<\/p>\n\t\t\t<a href=\"#top\" target=\"_self\">\n\t\t\t\t\t\tZur\u00fcck zum Anfang\n\t\t\t\t\t<\/a>\n\n","protected":false},"excerpt":{"rendered":"<p>\u00a0Gemeinschaftspraxis\u00a0Karin Reisinger, 2130 Mistelbach, Mitschastra\u00dfe 7, 0664 4046222 E-Mail: physioreisinger@gmail.com\u00a0 Willkommen \u00a0DAS ERSTGESPR\u00c4CH Bringen Sie Folgendes mit : eine \u00e4rztliche Verordnung, \u00a0 \u00a0 \u00a0 \u00a0( Bewilligungsplicht f\u00fcr SVS Versicherte!) aktuelle Befunde zB: R\u00f6ntgen, MRT Befund, Entlassungsbericht vom Spital,.. bequeme Kleidung Leintuch oder gro\u00dfes Handtuch als Unterlage &nbsp; Mehr erfahren&#8230; &nbsp; Anhand ihrer Beschwerden und Befunde&hellip;<\/p>\n","protected":false},"author":1,"featured_media":0,"parent":0,"menu_order":0,"comment_status":"closed","ping_status":"closed","template":"","meta":{"footnotes":""},"class_list":["post-58","page","type-page","status-publish","hentry"],"_links":{"self":[{"href":"https:\/\/physioreisinger.com\/index.php\/wp-json\/wp\/v2\/pages\/58","targetHints":{"allow":["GET"]}}],"collection":[{"href":"https:\/\/physioreisinger.com\/index.php\/wp-json\/wp\/v2\/pages"}],"about":[{"href":"https:\/\/physioreisinger.com\/index.php\/wp-json\/wp\/v2\/types\/page"}],"author":[{"embeddable":true,"href":"https:\/\/physioreisinger.com\/index.php\/wp-json\/wp\/v2\/users\/1"}],"replies":[{"embeddable":true,"href":"https:\/\/physioreisinger.com\/index.php\/wp-json\/wp\/v2\/comments?post=58"}],"version-history":[{"count":118,"href":"https:\/\/physioreisinger.com\/index.php\/wp-json\/wp\/v2\/pages\/58\/revisions"}],"predecessor-version":[{"id":1086,"href":"https:\/\/physioreisinger.com\/index.php\/wp-json\/wp\/v2\/pages\/58\/revisions\/1086"}],"wp:attachment":[{"href":"https:\/\/physioreisinger.com\/index.php\/wp-json\/wp\/v2\/media?parent=58"}],"curies":[{"name":"wp","href":"https:\/\/api.w.org\/{rel}","templated":true}]}}